{"id":29751,"date":"2017-05-30T17:09:12","date_gmt":"2017-05-30T17:09:12","guid":{"rendered":"https:\/\/deepheat.eu\/opis-izdelka\/"},"modified":"2023-02-28T16:41:08","modified_gmt":"2023-02-28T16:41:08","slug":"product-description","status":"publish","type":"page","link":"https:\/\/deepheat.eu\/en\/product-description\/","title":{"rendered":"Product description"},"content":{"rendered":"<p>[et_pb_section fb_built=&#8221;1&#8243; fullwidth=&#8221;on&#8221; _builder_version=&#8221;4.20.0&#8243; background_image=&#8221;https:\/\/deepheat.eu\/wp-content\/uploads\/2017\/05\/Talno-gretje-Gospodarski-objekt-4.jpg&#8221; hover_enabled=&#8221;0&#8243; global_colors_info=&#8221;{}&#8221; sticky_enabled=&#8221;0&#8243;][et_pb_fullwidth_header content_max_width=&#8221;none&#8221; _builder_version=&#8221;4.16&#8243; background_color=&#8221;rgba(255, 255, 255, 0)&#8221; background_layout=&#8221;light&#8221; global_colors_info=&#8221;{}&#8221; button_one_text_size__hover_enabled=&#8221;off&#8221; button_two_text_size__hover_enabled=&#8221;off&#8221; button_one_text_color__hover_enabled=&#8221;off&#8221; button_two_text_color__hover_enabled=&#8221;off&#8221; button_one_border_width__hover_enabled=&#8221;off&#8221; button_two_border_width__hover_enabled=&#8221;off&#8221; button_one_border_color__hover_enabled=&#8221;off&#8221; button_two_border_color__hover_enabled=&#8221;off&#8221; button_one_border_radius__hover_enabled=&#8221;off&#8221; button_two_border_radius__hover_enabled=&#8221;off&#8221; button_one_letter_spacing__hover_enabled=&#8221;off&#8221; button_two_letter_spacing__hover_enabled=&#8221;off&#8221; button_one_bg_color__hover_enabled=&#8221;off&#8221; button_two_bg_color__hover_enabled=&#8221;off&#8221;][\/et_pb_fullwidth_header][et_pb_fullwidth_header title=&#8221;Product description&#8221; subhead=&#8221;Floor heating of future&#8221; text_orientation=&#8221;center&#8221; button_one_text=&#8221;Send an inquiry&#8221; button_one_url=&#8221;https:\/\/deepheat.eu\/en\/contact&#8221; logo_image_url=&#8221;https:\/\/deepheat.eu\/wp-content\/uploads\/2023\/02\/Deep_Heat-200&#215;128-1.png&#8221; _builder_version=&#8221;4.20.0&#8243; title_font=&#8221;|600|||||||&#8221; title_font_size=&#8221;43px&#8221; subhead_font=&#8221;||||||||&#8221; subhead_font_size=&#8221;34px&#8221; background_color=&#8221;rgba(255, 255, 255, 0)&#8221; hover_enabled=&#8221;0&#8243; text_shadow_style=&#8221;preset2&#8243; global_colors_info=&#8221;{}&#8221; button_one_text_size__hover_enabled=&#8221;off&#8221; button_two_text_size__hover_enabled=&#8221;off&#8221; button_one_text_color__hover_enabled=&#8221;off&#8221; button_two_text_color__hover_enabled=&#8221;off&#8221; button_one_border_width__hover_enabled=&#8221;off&#8221; button_two_border_width__hover_enabled=&#8221;off&#8221; button_one_border_color__hover_enabled=&#8221;off&#8221; button_two_border_color__hover_enabled=&#8221;off&#8221; button_one_border_radius__hover_enabled=&#8221;off&#8221; button_two_border_radius__hover_enabled=&#8221;off&#8221; button_one_letter_spacing__hover_enabled=&#8221;off&#8221; button_two_letter_spacing__hover_enabled=&#8221;off&#8221; button_one_bg_color__hover_enabled=&#8221;off&#8221; button_two_bg_color__hover_enabled=&#8221;off&#8221; custom_button_one=&#8221;on&#8221; button_one_text_color=&#8221;#FFFFFF&#8221; button_one_bg_color=&#8221;#229F00&#8243; button_one_bg_enable_color=&#8221;on&#8221; button_one_border_width=&#8221;0px&#8221; sticky_enabled=&#8221;0&#8243; title_text=&#8221;Deep_Heat-200&#215;128&#8243; subhead_font_size_last_edited=&#8221;on|phone&#8221; subhead_font_size_phone=&#8221;24px&#8221; subhead_line_height=&#8221;1.2em&#8221; title_font_size_last_edited=&#8221;on|phone&#8221; title_font_size_phone=&#8221;32px&#8221; subhead_font_size_tablet=&#8221;34px&#8221; title_font_size_tablet=&#8221;43px&#8221;][\/et_pb_fullwidth_header][\/et_pb_section][et_pb_section fb_built=&#8221;1&#8243; _builder_version=&#8221;4.16&#8243; global_colors_info=&#8221;{}&#8221;][et_pb_row _builder_version=&#8221;4.16&#8243; global_colors_info=&#8221;{}&#8221;][et_pb_column type=&#8221;4_4&#8243; _builder_version=&#8221;4.16&#8243; custom_padding=&#8221;|||&#8221; global_colors_info=&#8221;{}&#8221; custom_padding__hover=&#8221;|||&#8221;][et_pb_text _builder_version=&#8221;4.16&#8243; global_colors_info=&#8221;{}&#8221;]<\/p>\n<h2 style=\"text-align: center;\">PRODUCT DESCRIPTION AND TECHNICAL SPECIFICATIONS<\/h2>\n<p>\u00a0<\/p>\n<p style=\"margin: 0cm; margin-bottom: .0001pt; vertical-align: baseline;\"><span style=\"font-size: 10.5pt; font-family: 'Arial','sans-serif'; color: #666666;\">The product consists of the power supply, the heat exchanger, and regulator (thermostat).<\/span><\/p>\n<p style=\"margin: 0cm; margin-bottom: .0001pt; vertical-align: baseline;\"><span style=\"font-size: 10.5pt; font-family: 'Arial','sans-serif'; color: #666666;\">The power supply is delivered in a steel housing, protected against corrosion and the usual physical loads. It is usually installed under the plaster, close to the electrical cabinet. The only thing visible is the cover.<\/span><\/p>\n<p style=\"margin: 0cm; margin-bottom: .0001pt; vertical-align: baseline;\"><span style=\"font-size: 10.5pt; font-family: 'Arial','sans-serif'; color: #666666;\">The heat exchanger consists of aluminium strips, 6, 8, 12, or 17 cm wide, and 0.2 mm thick. They are installed under or on top of screen in the floor, or under plaster panels or plaster in the walls, and powered with a low-voltage electricity (from 3 V to 48 V).<\/span><\/p>\n<p style=\"margin: 0cm; margin-bottom: .0001pt; vertical-align: baseline;\"><span style=\"font-size: 10.5pt; font-family: 'Arial','sans-serif'; color: #666666;\">Heating strips can be installed on top of existing flooring.<\/span><\/p>\n<p>[\/et_pb_text][\/et_pb_column][\/et_pb_row][et_pb_row _builder_version=&#8221;4.16&#8243; global_colors_info=&#8221;{}&#8221;][et_pb_column type=&#8221;4_4&#8243; _builder_version=&#8221;4.16&#8243; custom_padding=&#8221;|||&#8221; global_colors_info=&#8221;{}&#8221; custom_padding__hover=&#8221;|||&#8221;][et_pb_text _builder_version=&#8221;4.16&#8243; global_colors_info=&#8221;{}&#8221;]<\/p>\n<h2>Dimenzioniranje mo\u010di<\/h2>\n<p>Mo\u010d napajalnega sklopa je dolo\u010dena z toplotnimi izgubami prostora, ki ga pokriva.<span style=\"font-size: 14px;\">\u00a0<\/span><\/p>\n<p>Dimenzije ogrevalnih trakov so odvisne od \u017eelene \u00a0specifi\u010dne toplotne oddaje (W\/m<sup>2<\/sup>) ogrevanja.<span style=\"font-size: 14px;\">\u00a0<\/span><\/p>\n<p>Specifi\u010dna toplotna oddaja pa je omejena s priporo\u010deno temperaturo tal v posameznih prostorih. Ta zna\u0161a:<br \/>\n23\u201328\u00b0 C\u00a0 za bivalne prostore (specifi\u010dna toplotna oddaja 30 \u201380W\/m<sup>2<\/sup>)<br \/>\n28\u201332\u00b0 C\u00a0 za kopalnice ali robne cone ob zunanjih stenah oz. pod steklenimi povr\u0161inami (specifi\u010dna toplotna oddaja 80\u2013120\u00a0W\/m<sup>2<\/sup>)<br \/>\nZa ogrevanje odprtih prostorov ali povr\u0161in (terase, balkoni, dovozi) instaliramo<br \/>\n80\u2013150\u00a0W\/m<sup>2<\/sup><br \/>\n\u010ce toplotne izgube zaprtih\u00a0 zahtevajo ve\u010djo specifi\u010dno mo\u010d od priporo\u010dene, jo lahko \u00a0nadomestimo z stensko izvedbo\u00a0 ali z preusmerjanjem v pasivne povr\u0161ine tal.<\/p>\n<p>[\/et_pb_text][et_pb_text _builder_version=&#8221;4.16&#8243; global_colors_info=&#8221;{}&#8221;]<\/p>\n<h2>Power dimensioning<\/h2>\n<p>The power supply capacity is determined by the heat loss of the room heated.<\/p>\n<p>Heating strip dimensions depend on the desired specific heat output (W\/m<sup>2<\/sup>) of heating.<\/p>\n<p>Specific heat output is limited by the recommended floor temperature in individual rooms. Specifically:<\/p>\n<p>23\u201328\u00b0C for living areas (specific heat output 30\u201380 W\/m<sup>2<\/sup>)<\/p>\n<p>28\u201332\u00b0C for bathrooms or margins along external walls or under glass surfaces (specific heat output 120 W\/m<sup>2<\/sup>)<\/p>\n<p>For heating open areas or surfaces (terraces, balconies, driveways), we use a heat output of 80\u2013150 W\/m<sup>2<\/sup><\/p>\n<p>If heat loss of closes areas required a higher specific output than recommended, we can supplement it with wall installation or by redirecting into passive floor surfaces.<\/p>\n<h2>Settings<\/h2>\n<p>Settings are entered using a digital, adjustable room thermostat for each room separately. \u00a0Remote management is also available.<\/p>\n<p>&nbsp;<\/p>\n<h2 style=\"text-align: center;\">Deep heat 12V heating \u2013 technical data<\/h2>\n<p>&nbsp;<\/p>\n<table width=\"2067\">\n<tbody>\n<tr>\n<td width=\"543\">Heat exchanger<\/td>\n<td width=\"1524\">insulated Al strips<\/td>\n<\/tr>\n<tr>\n<td width=\"543\">Power supply<\/td>\n<td width=\"1524\">3\u201348 V (optional connection to alternative energy sources)<\/td>\n<\/tr>\n<tr>\n<td width=\"543\">Heating floor coverage<\/td>\n<td width=\"1524\">up to 80%<\/td>\n<\/tr>\n<tr>\n<td width=\"543\">Specific power<\/td>\n<td width=\"1524\">by calculation or optional<\/td>\n<\/tr>\n<tr>\n<td width=\"543\"><\/td>\n<td width=\"1524\"><\/td>\n<\/tr>\n<tr>\n<td width=\"543\">Floor temperature<\/td>\n<td width=\"1524\">23\u201328\u00b0C, bathrooms 32\u00b0C (or optional)<\/td>\n<\/tr>\n<tr>\n<td width=\"543\">System power supply<\/td>\n<td width=\"1524\">220\u2013230 V, 50\u201360 Hz<\/td>\n<\/tr>\n<tr>\n<td width=\"543\">Maximum power consumption<\/td>\n<td width=\"1524\">12 A<\/td>\n<\/tr>\n<tr>\n<td width=\"543\">Settings<\/td>\n<td width=\"1524\">by room, stationary or remote<\/td>\n<\/tr>\n<tr>\n<td width=\"543\">Protection<\/td>\n<td width=\"1524\">OF, F1 + F2, soft-start<\/td>\n<\/tr>\n<tr>\n<td width=\"543\">Heat exchanger protection<\/td>\n<td width=\"1524\">chemical, physical<\/td>\n<\/tr>\n<tr>\n<td width=\"543\">Warranty period<\/td>\n<td width=\"1524\">20 years for heating strips, 7 years for electronic circuitry<\/td>\n<\/tr>\n<tr>\n<td width=\"543\">Flooring<\/td>\n<td width=\"1524\">all types<\/td>\n<\/tr>\n<tr>\n<td width=\"543\">Installation<\/td>\n<td width=\"1524\">floor, wall, or combined<\/td>\n<\/tr>\n<tr>\n<td width=\"543\">Screed<\/td>\n<td width=\"1524\">wet or dry<\/td>\n<\/tr>\n<tr>\n<td width=\"543\"><\/td>\n<td width=\"1524\"><\/td>\n<\/tr>\n<tr>\n<td width=\"543\">Issued by:<\/td>\n<td width=\"1524\">SIQ, Slovenian Institute of Quality and Metrology<\/p>\n<p>Tr\u017ea\u0161ka cesta 2, SI\u20131000 Ljubljana<\/td>\n<\/tr>\n<\/tbody>\n<\/table>\n<p>[\/et_pb_text][\/et_pb_column][\/et_pb_row][\/et_pb_section][et_pb_section fb_built=&#8221;1&#8243; _builder_version=&#8221;4.16&#8243; background_color=&#8221;#e2e2e2&#8243; custom_padding=&#8221;0px|0px|54px|0px&#8221; global_colors_info=&#8221;{}&#8221;][et_pb_row _builder_version=&#8221;4.16&#8243; global_colors_info=&#8221;{}&#8221;][et_pb_column type=&#8221;4_4&#8243; _builder_version=&#8221;4.16&#8243; custom_padding=&#8221;|||&#8221; global_colors_info=&#8221;{}&#8221; custom_padding__hover=&#8221;|||&#8221;][et_pb_text _builder_version=&#8221;4.16&#8243; global_colors_info=&#8221;{}&#8221;][\/et_pb_text][et_pb_text _builder_version=&#8221;4.16&#8243; global_colors_info=&#8221;{}&#8221;]<\/p>\n<h2 style=\"text-align: center;\">INSTALLATION<\/h2>\n<p>[\/et_pb_text][\/et_pb_column][\/et_pb_row][et_pb_row module_class=&#8221; et_pb_row_fullwidth&#8221; _builder_version=&#8221;4.16&#8243; width=&#8221;89%&#8221; width_tablet=&#8221;80%&#8221; width_last_edited=&#8221;on|desktop&#8221; max_width=&#8221;89%&#8221; max_width_tablet=&#8221;80%&#8221; max_width_last_edited=&#8221;on|desktop&#8221; make_fullwidth=&#8221;on&#8221; global_colors_info=&#8221;{}&#8221; column_structure=&#8221;1_3,1_3,1_3&#8243; width_phone=&#8221;80%&#8221; max_width_phone=&#8221;80%&#8221;][et_pb_column type=&#8221;1_3&#8243; _builder_version=&#8221;4.16&#8243; custom_padding=&#8221;|||&#8221; global_colors_info=&#8221;{}&#8221; custom_padding__hover=&#8221;|||&#8221;][et_pb_text _builder_version=&#8221;4.16&#8243; global_colors_info=&#8221;{}&#8221;]<\/p>\n<p><strong>Floor version:<br \/>\n<\/strong><br \/>\nThe heating tapes are usually laid under the screeds. on insulation, but no less effective if they are laid on screeds or under floor coverings. The soil level is raised only by 0.4mm.<br \/>\nAlthough it may sound strange, we also put the straps on existing floor coverings (mobile version). The only condition is that they are covered with something due to the visual effect. You can use anything: warm floor, laminate, rubber, carpet, plasterboard, artificial grass, etc. Of course you can also use ceramics or stone, if the existing flooring permits.<br \/>\nTherefore, the heating tapes allow dry and wet screeds and all types of floor coverings. You will be warmed up wherever you place them.<\/p>\n<p>[\/et_pb_text][\/et_pb_column][et_pb_column type=&#8221;1_3&#8243; _builder_version=&#8221;4.16&#8243; custom_padding=&#8221;|||&#8221; global_colors_info=&#8221;{}&#8221; custom_padding__hover=&#8221;|||&#8221;][et_pb_text _builder_version=&#8221;4.16&#8243; global_colors_info=&#8221;{}&#8221;]<\/p>\n<p><strong>Wall construction:<br \/>\n<\/strong><br \/>\nIn the case of wall mounting, mounting options are unlimited. The tapes can be placed under or above the plaster. It is only important that there is a heat seal for heating bodies (from the outside or inside the wall), otherwise heat will emerge.<br \/>\nWhen adapting to the wall, we usually place a layer of insulation, fixing the heating strips to it (up to 180-200 cm) and covering them all with plasterboards. If the walls are too guilty of such an intervention, we align them with Al-profiles. In any case, the procedure is not too demanding. With a little effort, you can get heating equivalent to the floor.<br \/>\nA ceiling design is also possible.<\/p>\n<p>[\/et_pb_text][\/et_pb_column][et_pb_column type=&#8221;1_3&#8243; _builder_version=&#8221;4.16&#8243; custom_padding=&#8221;|||&#8221; global_colors_info=&#8221;{}&#8221; custom_padding__hover=&#8221;|||&#8221;][et_pb_text _builder_version=&#8221;4.16&#8243; global_colors_info=&#8221;{}&#8221;]<\/p>\n<p><strong>Electronic circuit:<br \/>\n<\/strong><br \/>\nUsually it is installed in the wall, so that after the installation, only the cover is visible. assemblies and thermostats, but different solutions are also possible. Housing dimensions are 22x35x10 or 35x35x10. There is no need to install an electronic assembly or assemblies in a room that is heated. Users are most often choosing to install in the hallway. In other rooms, only the thermostats are left.<\/p>\n<p>[\/et_pb_text][\/et_pb_column][\/et_pb_row][\/et_pb_section][et_pb_section fb_built=&#8221;1&#8243; admin_label=&#8221;section&#8221; _builder_version=&#8221;4.16&#8243; custom_padding=&#8221;0px|0px|0px|0px&#8221; global_colors_info=&#8221;{}&#8221;][\/et_pb_section][et_pb_section fb_built=&#8221;1&#8243; admin_label=&#8221;section&#8221; _builder_version=&#8221;4.16&#8243; global_colors_info=&#8221;{}&#8221;][et_pb_row use_custom_gutter=&#8221;on&#8221; gutter_width=&#8221;2&#8243; admin_label=&#8221;row&#8221; _builder_version=&#8221;4.16&#8243; background_size=&#8221;initial&#8221; background_position=&#8221;top_left&#8221; background_repeat=&#8221;repeat&#8221; custom_padding=&#8221;0px|0px|27px|0px&#8221; global_colors_info=&#8221;{}&#8221; column_structure=&#8221;1_2,1_2&#8243;][et_pb_column type=&#8221;1_2&#8243; _builder_version=&#8221;4.16&#8243; background_position=&#8221;top_left&#8221; custom_padding=&#8221;|||&#8221; global_colors_info=&#8221;{}&#8221; custom_padding__hover=&#8221;|||&#8221;][et_pb_text module_class=&#8221;poslji-povprasevanje&#8221; _builder_version=&#8221;4.16&#8243; header_line_height=&#8221;1.5em&#8221; background_size=&#8221;initial&#8221; background_position=&#8221;top_left&#8221; background_repeat=&#8221;repeat&#8221; custom_margin=&#8221;||20px|&#8221; global_colors_info=&#8221;{}&#8221;]<\/p>\n<h1>Send an enquiry<\/h1>\n<h3>and arrange a free consultation and a visit.<\/h3>\n<p>\u00a0<\/p>\n<p>[\/et_pb_text][et_pb_text _builder_version=&#8221;4.16&#8243; background_size=&#8221;initial&#8221; background_position=&#8221;top_left&#8221; background_repeat=&#8221;repeat&#8221; custom_margin=&#8221;-30px|||&#8221; global_colors_info=&#8221;{}&#8221;][\/et_pb_text][et_pb_contact_form captcha=&#8221;off&#8221; email=&#8221;info@i-eco.si&#8221; custom_message=&#8221;We are sending you an inquiry from your web page||et_pb_line_break_holder||Name and Surname: %%name%%||et_pb_line_break_holder||Email: %%email%%||et_pb_line_break_holder||Message: %%Message%%&#8221; use_redirect=&#8221;on&#8221; redirect_url=&#8221;https:\/\/deepheat.eu\/en\/thank-you-page&#8221; success_message=&#8221;Your message has been sent. We will respond to you as soon as possible.&#8221; submit_button_text=&#8221;Send&#8221; module_id=&#8221;et_pb_contact_form_0&#8243; _builder_version=&#8221;4.16&#8243; _unique_id=&#8221;5d88022d-fdd1-48f9-8a34-f61915836092&#8243; custom_button=&#8221;on&#8221; global_colors_info=&#8221;{}&#8221;][et_pb_contact_field field_id=&#8221;Name&#8221; field_title=&#8221;Name and surname&#8221; _builder_version=&#8221;4.16&#8243; global_colors_info=&#8221;{}&#8221; button_text_size__hover_enabled=&#8221;off&#8221; button_one_text_size__hover_enabled=&#8221;off&#8221; button_two_text_size__hover_enabled=&#8221;off&#8221; button_text_color__hover_enabled=&#8221;off&#8221; button_one_text_color__hover_enabled=&#8221;off&#8221; button_two_text_color__hover_enabled=&#8221;off&#8221; button_border_width__hover_enabled=&#8221;off&#8221; button_one_border_width__hover_enabled=&#8221;off&#8221; button_two_border_width__hover_enabled=&#8221;off&#8221; button_border_color__hover_enabled=&#8221;off&#8221; button_one_border_color__hover_enabled=&#8221;off&#8221; button_two_border_color__hover_enabled=&#8221;off&#8221; button_border_radius__hover_enabled=&#8221;off&#8221; button_one_border_radius__hover_enabled=&#8221;off&#8221; button_two_border_radius__hover_enabled=&#8221;off&#8221; button_letter_spacing__hover_enabled=&#8221;off&#8221; button_one_letter_spacing__hover_enabled=&#8221;off&#8221; button_two_letter_spacing__hover_enabled=&#8221;off&#8221; button_bg_color__hover_enabled=&#8221;off&#8221; button_one_bg_color__hover_enabled=&#8221;off&#8221; button_two_bg_color__hover_enabled=&#8221;off&#8221;][\/et_pb_contact_field][et_pb_contact_field field_id=&#8221;Email&#8221; field_title=&#8221;Email&#8221; field_type=&#8221;email&#8221; _builder_version=&#8221;4.16&#8243; global_colors_info=&#8221;{}&#8221; button_text_size__hover_enabled=&#8221;off&#8221; button_one_text_size__hover_enabled=&#8221;off&#8221; button_two_text_size__hover_enabled=&#8221;off&#8221; button_text_color__hover_enabled=&#8221;off&#8221; button_one_text_color__hover_enabled=&#8221;off&#8221; button_two_text_color__hover_enabled=&#8221;off&#8221; button_border_width__hover_enabled=&#8221;off&#8221; button_one_border_width__hover_enabled=&#8221;off&#8221; button_two_border_width__hover_enabled=&#8221;off&#8221; button_border_color__hover_enabled=&#8221;off&#8221; button_one_border_color__hover_enabled=&#8221;off&#8221; button_two_border_color__hover_enabled=&#8221;off&#8221; button_border_radius__hover_enabled=&#8221;off&#8221; button_one_border_radius__hover_enabled=&#8221;off&#8221; button_two_border_radius__hover_enabled=&#8221;off&#8221; button_letter_spacing__hover_enabled=&#8221;off&#8221; button_one_letter_spacing__hover_enabled=&#8221;off&#8221; button_two_letter_spacing__hover_enabled=&#8221;off&#8221; button_bg_color__hover_enabled=&#8221;off&#8221; button_one_bg_color__hover_enabled=&#8221;off&#8221; button_two_bg_color__hover_enabled=&#8221;off&#8221;][\/et_pb_contact_field][et_pb_contact_field field_id=&#8221;Message&#8221; field_title=&#8221;Message&#8221; field_type=&#8221;text&#8221; fullwidth_field=&#8221;on&#8221; _builder_version=&#8221;4.16&#8243; form_field_font=&#8221;||||&#8221; global_colors_info=&#8221;{}&#8221; button_text_size__hover_enabled=&#8221;off&#8221; button_one_text_size__hover_enabled=&#8221;off&#8221; button_two_text_size__hover_enabled=&#8221;off&#8221; button_text_color__hover_enabled=&#8221;off&#8221; button_one_text_color__hover_enabled=&#8221;off&#8221; button_two_text_color__hover_enabled=&#8221;off&#8221; button_border_width__hover_enabled=&#8221;off&#8221; button_one_border_width__hover_enabled=&#8221;off&#8221; button_two_border_width__hover_enabled=&#8221;off&#8221; button_border_color__hover_enabled=&#8221;off&#8221; button_one_border_color__hover_enabled=&#8221;off&#8221; button_two_border_color__hover_enabled=&#8221;off&#8221; button_border_radius__hover_enabled=&#8221;off&#8221; button_one_border_radius__hover_enabled=&#8221;off&#8221; button_two_border_radius__hover_enabled=&#8221;off&#8221; button_letter_spacing__hover_enabled=&#8221;off&#8221; button_one_letter_spacing__hover_enabled=&#8221;off&#8221; button_two_letter_spacing__hover_enabled=&#8221;off&#8221; button_bg_color__hover_enabled=&#8221;off&#8221; button_one_bg_color__hover_enabled=&#8221;off&#8221; button_two_bg_color__hover_enabled=&#8221;off&#8221;][\/et_pb_contact_field][\/et_pb_contact_form][\/et_pb_column][et_pb_column type=&#8221;1_2&#8243; _builder_version=&#8221;4.16&#8243; background_position=&#8221;top_left&#8221; custom_padding=&#8221;|||&#8221; global_colors_info=&#8221;{}&#8221; custom_padding__hover=&#8221;|||&#8221;][et_pb_image src=&#8221;https:\/\/deepheat.eu\/wp-content\/uploads\/2017\/05\/hand-427504_640.png&#8221; align_tablet=&#8221;center&#8221; align_last_edited=&#8221;on|desktop&#8221; _builder_version=&#8221;4.20.0&#8243; animation_style=&#8221;slide&#8221; animation_direction=&#8221;left&#8221; animation_duration=&#8221;500ms&#8221; animation_intensity_slide=&#8221;10%&#8221; hover_enabled=&#8221;0&#8243; global_colors_info=&#8221;{}&#8221; disabled_on=&#8221;on|off|off&#8221; sticky_enabled=&#8221;0&#8243; align_phone=&#8221;center&#8221;][\/et_pb_image][\/et_pb_column][\/et_pb_row][\/et_pb_section]<\/p>\n","protected":false},"excerpt":{"rendered":"<p>PRODUCT DESCRIPTION AND TECHNICAL SPECIFICATIONS \u00a0 The product consists of the power supply, the heat exchanger, and regulator (thermostat). The power supply is delivered in a steel housing, protected against corrosion and the usual physical loads. It is usually installed under the plaster, close to the electrical cabinet. The only thing visible is the cover. [&hellip;]<\/p>\n","protected":false},"author":1,"featured_media":0,"parent":0,"menu_order":0,"comment_status":"closed","ping_status":"closed","template":"","meta":{"_et_pb_use_builder":"on","_et_pb_old_content":"","_et_gb_content_width":""},"_links":{"self":[{"href":"https:\/\/deepheat.eu\/en\/wp-json\/wp\/v2\/pages\/29751"}],"collection":[{"href":"https:\/\/deepheat.eu\/en\/wp-json\/wp\/v2\/pages"}],"about":[{"href":"https:\/\/deepheat.eu\/en\/wp-json\/wp\/v2\/types\/page"}],"author":[{"embeddable":true,"href":"https:\/\/deepheat.eu\/en\/wp-json\/wp\/v2\/users\/1"}],"replies":[{"embeddable":true,"href":"https:\/\/deepheat.eu\/en\/wp-json\/wp\/v2\/comments?post=29751"}],"version-history":[{"count":3,"href":"https:\/\/deepheat.eu\/en\/wp-json\/wp\/v2\/pages\/29751\/revisions"}],"predecessor-version":[{"id":32766,"href":"https:\/\/deepheat.eu\/en\/wp-json\/wp\/v2\/pages\/29751\/revisions\/32766"}],"wp:attachment":[{"href":"https:\/\/deepheat.eu\/en\/wp-json\/wp\/v2\/media?parent=29751"}],"curies":[{"name":"wp","href":"https:\/\/api.w.org\/{rel}","templated":true}]}}